{"id":59,"date":"2020-08-09T05:55:33","date_gmt":"2020-08-09T05:55:33","guid":{"rendered":"https:\/\/stellaontour.bildpunkte.de\/?page_id=59"},"modified":"2023-06-12T10:14:16","modified_gmt":"2023-06-12T10:14:16","slug":"neue-startseite","status":"publish","type":"page","link":"https:\/\/stellaontour.bildpunkte.de\/","title":{"rendered":"Neue Startseite"},"content":{"rendered":"\t\t<div data-elementor-type=\"wp-page\" data-elementor-id=\"59\" class=\"elementor elementor-59\">\n\t\t\t\t\t\t\t\t\t<header class=\"elementor-section elementor-top-section elementor-element elementor-element-ba51514 elementor-section-stretched elementor-section-full_width elementor-section-height-min-height elementor-section-content-top elementor-section-height-default elementor-section-items-middle\" data-id=\"ba51514\" data-element_type=\"section\" data-settings=\"{&quot;stretch_section&quot;:&quot;section-stretched&quot;,&quot;background_background&quot;:&quot;classic&quot;}\">\n\t\t\t\t\t\t<div class=\"elementor-container elementor-column-gap-no\">\n\t\t\t\t\t<div class=\"elementor-column elementor-col-100 elementor-top-column elementor-element elementor-element-1d96038\" data-id=\"1d96038\" data-element_type=\"column\">\n\t\t\t<div class=\"elementor-widget-wrap\">\n\t\t\t\t\t\t\t\t\t<\/div>\n\t\t<\/div>\n\t\t\t\t\t\t\t<\/div>\n\t\t<\/header>\n\t\t\t\t<section class=\"elementor-section elementor-top-section elementor-element elementor-element-7767942 elementor-section-boxed elementor-section-height-default elementor-section-height-default\" data-id=\"7767942\" data-element_type=\"section\">\n\t\t\t\t\t\t<div class=\"elementor-container elementor-column-gap-default\">\n\t\t\t\t\t<div class=\"elementor-column elementor-col-100 elementor-top-column elementor-element elementor-element-21b7395\" data-id=\"21b7395\" data-element_type=\"column\">\n\t\t\t<div class=\"elementor-widget-wrap elementor-element-populated\">\n\t\t\t\t\t\t\t\t<div class=\"elementor-element elementor-element-5329923 elementor-grid-eael-col-3 elementor-grid-tablet-eael-col-2 elementor-grid-mobile-eael-col-1 elementor-widget elementor-widget-eael-post-grid\" data-id=\"5329923\" data-element_type=\"widget\" data-settings=\"{&quot;eael_post_grid_columns&quot;:&quot;eael-col-3&quot;,&quot;eael_post_grid_columns_tablet&quot;:&quot;eael-col-2&quot;,&quot;eael_post_grid_columns_mobile&quot;:&quot;eael-col-1&quot;}\" data-widget_type=\"eael-post-grid.default\">\n\t\t\t\t<div class=\"elementor-widget-container\">\n\t\t\t<div id=\"eael-post-grid-5329923\" class=\"eael-post-grid-container\">\n            <div class=\"eael-post-grid eael-post-appender eael-post-appender-5329923 eael-post-grid-style-two\" data-layout-mode=\"masonry\"><article class=\"eael-grid-post eael-post-grid-column\" data-id=\"613\">\n        <div class=\"eael-grid-post-holder\">\n            <div class=\"eael-grid-post-holder-inner\"><div class=\"eael-entry-media\"><div class=\"eael-entry-overlay fade-in\"><i class=\"fas fa-long-arrow-alt-right\" aria-hidden=\"true\"><\/i><a href=\"https:\/\/stellaontour.bildpunkte.de\/?p=613\"><\/a><\/div><div class=\"eael-entry-thumbnail \">\n                                <img loading=\"lazy\" width=\"768\" height=\"1024\" src=\"https:\/\/stellaontour.bildpunkte.de\/wp-content\/uploads\/2024\/07\/IMG_2836-768x1024.jpg\" class=\"attachment-large size-large wp-image-606\" alt=\"\" decoding=\"async\" srcset=\"https:\/\/stellaontour.bildpunkte.de\/wp-content\/uploads\/2024\/07\/IMG_2836-768x1024.jpg 768w, https:\/\/stellaontour.bildpunkte.de\/wp-content\/uploads\/2024\/07\/IMG_2836-225x300.jpg 225w, https:\/\/stellaontour.bildpunkte.de\/wp-content\/uploads\/2024\/07\/IMG_2836-1152x1536.jpg 1152w, https:\/\/stellaontour.bildpunkte.de\/wp-content\/uploads\/2024\/07\/IMG_2836-1536x2048.jpg 1536w, https:\/\/stellaontour.bildpunkte.de\/wp-content\/uploads\/2024\/07\/IMG_2836-1000x1333.jpg 1000w, https:\/\/stellaontour.bildpunkte.de\/wp-content\/uploads\/2024\/07\/IMG_2836-230x307.jpg 230w, https:\/\/stellaontour.bildpunkte.de\/wp-content\/uploads\/2024\/07\/IMG_2836-350x467.jpg 350w, https:\/\/stellaontour.bildpunkte.de\/wp-content\/uploads\/2024\/07\/IMG_2836-480x640.jpg 480w, https:\/\/stellaontour.bildpunkte.de\/wp-content\/uploads\/2024\/07\/IMG_2836-scaled.jpg 1920w\" sizes=\"(max-width: 768px) 100vw, 768px\" \/>\n                              <\/div>\n                      <\/div><div class=\"eael-entry-wrapper\"><header class=\"eael-entry-header\"><h2 class=\"eael-entry-title\"><a\n                                    class=\"eael-grid-post-link\"\n                                    href=\"https:\/\/stellaontour.bildpunkte.de\/?p=613\"\n                                    title=\"Ein letzter Monat\">Ein letzter Monat<\/a><\/h2><\/header><div class=\"eael-entry-content\">\n                                    <div class=\"eael-grid-post-excerpt\"><p>Meine G\u00fcte, es ist soweit. Die Tage werden gez\u00e4hlt, die Wochen werden immer weniger, es ist nicht mal mehr ein Monat. Es [&hellip;]<\/p><a\n                                        href=\"https:\/\/stellaontour.bildpunkte.de\/?p=613\"\n                                        class=\"eael-post-elements-readmore-btn\">lesen<\/a><\/div>\n                                <\/div><div class=\"eael-entry-header-after style-two\"><div class=\"eael-entry-meta\"><span class=\"eael-meta-posted-on\"><i class=\"far fa-clock\"><\/i><time datetime=\"Juli 4, 2024\">Juli 4, 2024<\/time><\/span><\/div><\/div><\/div><\/div>\n        <\/div>\n    <\/article><article class=\"eael-grid-post eael-post-grid-column\" data-id=\"611\">\n        <div class=\"eael-grid-post-holder\">\n            <div class=\"eael-grid-post-holder-inner\"><div class=\"eael-entry-media\"><div class=\"eael-entry-overlay fade-in\"><i class=\"fas fa-long-arrow-alt-right\" aria-hidden=\"true\"><\/i><a href=\"https:\/\/stellaontour.bildpunkte.de\/?p=611\"><\/a><\/div><div class=\"eael-entry-thumbnail \">\n                                <img loading=\"lazy\" width=\"768\" height=\"1024\" src=\"https:\/\/stellaontour.bildpunkte.de\/wp-content\/uploads\/2024\/07\/IMG_2864-768x1024.jpg\" class=\"attachment-large size-large wp-image-607\" alt=\"\" decoding=\"async\" srcset=\"https:\/\/stellaontour.bildpunkte.de\/wp-content\/uploads\/2024\/07\/IMG_2864-768x1024.jpg 768w, https:\/\/stellaontour.bildpunkte.de\/wp-content\/uploads\/2024\/07\/IMG_2864-225x300.jpg 225w, https:\/\/stellaontour.bildpunkte.de\/wp-content\/uploads\/2024\/07\/IMG_2864-1152x1536.jpg 1152w, https:\/\/stellaontour.bildpunkte.de\/wp-content\/uploads\/2024\/07\/IMG_2864-1536x2048.jpg 1536w, https:\/\/stellaontour.bildpunkte.de\/wp-content\/uploads\/2024\/07\/IMG_2864-1000x1333.jpg 1000w, https:\/\/stellaontour.bildpunkte.de\/wp-content\/uploads\/2024\/07\/IMG_2864-230x307.jpg 230w, https:\/\/stellaontour.bildpunkte.de\/wp-content\/uploads\/2024\/07\/IMG_2864-350x467.jpg 350w, https:\/\/stellaontour.bildpunkte.de\/wp-content\/uploads\/2024\/07\/IMG_2864-480x640.jpg 480w, https:\/\/stellaontour.bildpunkte.de\/wp-content\/uploads\/2024\/07\/IMG_2864-scaled.jpg 1920w\" sizes=\"(max-width: 768px) 100vw, 768px\" \/>\n                              <\/div>\n                      <\/div><div class=\"eael-entry-wrapper\"><header class=\"eael-entry-header\"><h2 class=\"eael-entry-title\"><a\n                                    class=\"eael-grid-post-link\"\n                                    href=\"https:\/\/stellaontour.bildpunkte.de\/?p=611\"\n                                    title=\"Schattenseite\">Schattenseite<\/a><\/h2><\/header><div class=\"eael-entry-content\">\n                                    <div class=\"eael-grid-post-excerpt\"><p>Ich glaube, wenn man meinen Blog hier so liest und etwas verfolgt, wirkt Kolumbien wie das sch\u00f6nste Land, was es gibt. Das [&hellip;]<\/p><a\n                                        href=\"https:\/\/stellaontour.bildpunkte.de\/?p=611\"\n                                        class=\"eael-post-elements-readmore-btn\">lesen<\/a><\/div>\n                                <\/div><div class=\"eael-entry-header-after style-two\"><div class=\"eael-entry-meta\"><span class=\"eael-meta-posted-on\"><i class=\"far fa-clock\"><\/i><time datetime=\"Juli 4, 2024\">Juli 4, 2024<\/time><\/span><\/div><\/div><\/div><\/div>\n        <\/div>\n    <\/article><article class=\"eael-grid-post eael-post-grid-column\" data-id=\"609\">\n        <div class=\"eael-grid-post-holder\">\n            <div class=\"eael-grid-post-holder-inner\"><div class=\"eael-entry-media\"><div class=\"eael-entry-overlay fade-in\"><i class=\"fas fa-long-arrow-alt-right\" aria-hidden=\"true\"><\/i><a href=\"https:\/\/stellaontour.bildpunkte.de\/?p=609\"><\/a><\/div><div class=\"eael-entry-thumbnail \">\n                                <img loading=\"lazy\" width=\"768\" height=\"1024\" src=\"https:\/\/stellaontour.bildpunkte.de\/wp-content\/uploads\/2024\/07\/IMG_0887-768x1024.jpg\" class=\"attachment-large size-large wp-image-616\" alt=\"\" decoding=\"async\" srcset=\"https:\/\/stellaontour.bildpunkte.de\/wp-content\/uploads\/2024\/07\/IMG_0887-768x1024.jpg 768w, https:\/\/stellaontour.bildpunkte.de\/wp-content\/uploads\/2024\/07\/IMG_0887-225x300.jpg 225w, https:\/\/stellaontour.bildpunkte.de\/wp-content\/uploads\/2024\/07\/IMG_0887-1152x1536.jpg 1152w, https:\/\/stellaontour.bildpunkte.de\/wp-content\/uploads\/2024\/07\/IMG_0887-1000x1333.jpg 1000w, https:\/\/stellaontour.bildpunkte.de\/wp-content\/uploads\/2024\/07\/IMG_0887-230x307.jpg 230w, https:\/\/stellaontour.bildpunkte.de\/wp-content\/uploads\/2024\/07\/IMG_0887-350x467.jpg 350w, https:\/\/stellaontour.bildpunkte.de\/wp-content\/uploads\/2024\/07\/IMG_0887-480x640.jpg 480w, https:\/\/stellaontour.bildpunkte.de\/wp-content\/uploads\/2024\/07\/IMG_0887.jpg 1536w\" sizes=\"(max-width: 768px) 100vw, 768px\" \/>\n                              <\/div>\n                      <\/div><div class=\"eael-entry-wrapper\"><header class=\"eael-entry-header\"><h2 class=\"eael-entry-title\"><a\n                                    class=\"eael-grid-post-link\"\n                                    href=\"https:\/\/stellaontour.bildpunkte.de\/?p=609\"\n                                    title=\"San Gil und San Andr\u00e9s\">San Gil und San Andr\u00e9s<\/a><\/h2><\/header><div class=\"eael-entry-content\">\n                                    <div class=\"eael-grid-post-excerpt\"><p>Nun ist es schon fast vorbei, und somit habe ich im letzten Monat noch zwei kleine Reisen unternehmen k\u00f6nnen, wie es aussieht, [&hellip;]<\/p><a\n                                        href=\"https:\/\/stellaontour.bildpunkte.de\/?p=609\"\n                                        class=\"eael-post-elements-readmore-btn\">lesen<\/a><\/div>\n                                <\/div><div class=\"eael-entry-header-after style-two\"><div class=\"eael-entry-meta\"><span class=\"eael-meta-posted-on\"><i class=\"far fa-clock\"><\/i><time datetime=\"Juli 4, 2024\">Juli 4, 2024<\/time><\/span><\/div><\/div><\/div><\/div>\n        <\/div>\n    <\/article><article class=\"eael-grid-post eael-post-grid-column\" data-id=\"581\">\n        <div class=\"eael-grid-post-holder\">\n            <div class=\"eael-grid-post-holder-inner\"><div class=\"eael-entry-media\"><div class=\"eael-entry-overlay fade-in\"><i class=\"fas fa-long-arrow-alt-right\" aria-hidden=\"true\"><\/i><a href=\"https:\/\/stellaontour.bildpunkte.de\/?p=581\"><\/a><\/div><div class=\"eael-entry-thumbnail \">\n                                <img loading=\"lazy\" width=\"768\" height=\"1024\" src=\"https:\/\/stellaontour.bildpunkte.de\/wp-content\/uploads\/2024\/07\/IMG_1392-768x1024.jpg\" class=\"attachment-large size-large wp-image-588\" alt=\"\" decoding=\"async\" srcset=\"https:\/\/stellaontour.bildpunkte.de\/wp-content\/uploads\/2024\/07\/IMG_1392-768x1024.jpg 768w, https:\/\/stellaontour.bildpunkte.de\/wp-content\/uploads\/2024\/07\/IMG_1392-225x300.jpg 225w, https:\/\/stellaontour.bildpunkte.de\/wp-content\/uploads\/2024\/07\/IMG_1392-1152x1536.jpg 1152w, https:\/\/stellaontour.bildpunkte.de\/wp-content\/uploads\/2024\/07\/IMG_1392-1536x2048.jpg 1536w, https:\/\/stellaontour.bildpunkte.de\/wp-content\/uploads\/2024\/07\/IMG_1392-1000x1333.jpg 1000w, https:\/\/stellaontour.bildpunkte.de\/wp-content\/uploads\/2024\/07\/IMG_1392-230x307.jpg 230w, https:\/\/stellaontour.bildpunkte.de\/wp-content\/uploads\/2024\/07\/IMG_1392-350x467.jpg 350w, https:\/\/stellaontour.bildpunkte.de\/wp-content\/uploads\/2024\/07\/IMG_1392-480x640.jpg 480w, https:\/\/stellaontour.bildpunkte.de\/wp-content\/uploads\/2024\/07\/IMG_1392-scaled.jpg 1920w\" sizes=\"(max-width: 768px) 100vw, 768px\" \/>\n                              <\/div>\n                      <\/div><div class=\"eael-entry-wrapper\"><header class=\"eael-entry-header\"><h2 class=\"eael-entry-title\"><a\n                                    class=\"eael-grid-post-link\"\n                                    href=\"https:\/\/stellaontour.bildpunkte.de\/?p=581\"\n                                    title=\"Reise nach Albania\">Reise nach Albania<\/a><\/h2><\/header><div class=\"eael-entry-content\">\n                                    <div class=\"eael-grid-post-excerpt\"><p>Ich hatte das gro\u00dfe Gl\u00fcck und die Ehre, das Heimatdorf meines Gastpapas Fredy kennenzulernen. An einem verl\u00e4ngerten Wochenende im Mai haben mich [&hellip;]<\/p><a\n                                        href=\"https:\/\/stellaontour.bildpunkte.de\/?p=581\"\n                                        class=\"eael-post-elements-readmore-btn\">lesen<\/a><\/div>\n                                <\/div><div class=\"eael-entry-header-after style-two\"><div class=\"eael-entry-meta\"><span class=\"eael-meta-posted-on\"><i class=\"far fa-clock\"><\/i><time datetime=\"Juli 4, 2024\">Juli 4, 2024<\/time><\/span><\/div><\/div><\/div><\/div>\n        <\/div>\n    <\/article><\/div>\n            <div class=\"clearfix\"><\/div>\n        <\/div>            <div class=\"eael-load-more-button-wrap\">\n                <button class=\"eael-load-more-button\" id=\"eael-load-more-btn-5329923\" data-widget-id=\"5329923\" data-widget=\"5329923\" data-page-id=\"59\" data-template=\"{&quot;dir&quot;:&quot;lite&quot;,&quot;file_name&quot;:&quot;default.php&quot;,&quot;name&quot;:&quot;Post-Grid&quot;}\" data-class=\"Essential_Addons_Elementor\\Elements\\Post_Grid\" data-layout=\"masonry\" data-page=\"1\" data-args=\"orderby=date&amp;order=desc&amp;ignore_sticky_posts=1&amp;post_status=publish&amp;posts_per_page=4&amp;offset=0&amp;post_type=post&amp;tax_query%5B0%5D%5Btaxonomy%5D=category&amp;tax_query%5B0%5D%5Bfield%5D=term_id&amp;tax_query%5B0%5D%5Bterms%5D%5B0%5D=5&amp;tax_query%5Brelation%5D=AND\" data-max-page=\"8\">\n                    <div class=\"eael-btn-loader button__loader\"><\/div>\n                    <span>Mehr laden<\/span>\n                <\/button>\n            <\/div>\n        \t\t<\/div>\n\t\t\t\t<\/div>\n\t\t\t\t\t<\/div>\n\t\t<\/div>\n\t\t\t\t\t\t\t<\/div>\n\t\t<\/section>\n\t\t\t\t\t\t\t<\/div>\n\t\t","protected":false},"excerpt":{"rendered":"<p>Spendenaufruf Es ist wieder soweit..! Falls ihr es noch nicht mitbekommen habt, erfahrt ihr es jetzt; ich begebe mich auf eine neue [&hellip;]<\/p>\n","protected":false},"author":1,"featured_media":0,"parent":0,"menu_order":0,"comment_status":"closed","ping_status":"closed","template":"elementor_header_footer","meta":{"footnotes":""},"yoast_head":"<!-- This site is optimized with the Yoast SEO plugin v21.1 - https:\/\/yoast.com\/wordpress\/plugins\/seo\/ -->\n<title>Neue Startseite - Stella on Tour<\/title>\n<meta name=\"robots\" content=\"index, follow, max-snippet:-1, max-image-preview:large, max-video-preview:-1\" \/>\n<link rel=\"canonical\" href=\"https:\/\/stellaontour.bildpunkte.de\/\" \/>\n<meta property=\"og:locale\" content=\"de_DE\" \/>\n<meta property=\"og:type\" content=\"article\" \/>\n<meta property=\"og:title\" content=\"Neue Startseite - Stella on Tour\" \/>\n<meta property=\"og:description\" content=\"Spendenaufruf Es ist wieder soweit..! Falls ihr es noch nicht mitbekommen habt, erfahrt ihr es jetzt; ich begebe mich auf eine neue [&hellip;]\" \/>\n<meta property=\"og:url\" content=\"https:\/\/stellaontour.bildpunkte.de\/\" \/>\n<meta property=\"og:site_name\" content=\"Stella on Tour\" \/>\n<meta property=\"article:modified_time\" content=\"2023-06-12T10:14:16+00:00\" \/>\n<meta property=\"og:image\" content=\"https:\/\/stellaontour.bildpunkte.de\/wp-content\/uploads\/2023\/06\/P1020865-1024x768.jpg\" \/>\n<meta name=\"twitter:card\" content=\"summary_large_image\" \/>\n<script type=\"application\/ld+json\" class=\"yoast-schema-graph\">{\"@context\":\"https:\/\/schema.org\",\"@graph\":[{\"@type\":\"WebPage\",\"@id\":\"https:\/\/stellaontour.bildpunkte.de\/\",\"url\":\"https:\/\/stellaontour.bildpunkte.de\/\",\"name\":\"Neue Startseite - Stella on Tour\",\"isPartOf\":{\"@id\":\"https:\/\/stellaontour.bildpunkte.de\/#website\"},\"datePublished\":\"2020-08-09T05:55:33+00:00\",\"dateModified\":\"2023-06-12T10:14:16+00:00\",\"breadcrumb\":{\"@id\":\"https:\/\/stellaontour.bildpunkte.de\/#breadcrumb\"},\"inLanguage\":\"de\",\"potentialAction\":[{\"@type\":\"ReadAction\",\"target\":[\"https:\/\/stellaontour.bildpunkte.de\/\"]}]},{\"@type\":\"BreadcrumbList\",\"@id\":\"https:\/\/stellaontour.bildpunkte.de\/#breadcrumb\",\"itemListElement\":[{\"@type\":\"ListItem\",\"position\":1,\"name\":\"Home\",\"item\":\"https:\/\/stellaontour.bildpunkte.de\/\"},{\"@type\":\"ListItem\",\"position\":2,\"name\":\"Neue Startseite\"}]},{\"@type\":\"WebSite\",\"@id\":\"https:\/\/stellaontour.bildpunkte.de\/#website\",\"url\":\"https:\/\/stellaontour.bildpunkte.de\/\",\"name\":\"Stella on Tour\",\"description\":\"\",\"potentialAction\":[{\"@type\":\"SearchAction\",\"target\":{\"@type\":\"EntryPoint\",\"urlTemplate\":\"https:\/\/stellaontour.bildpunkte.de\/?s={search_term_string}\"},\"query-input\":\"required name=search_term_string\"}],\"inLanguage\":\"de\"}]}<\/script>\n<!-- \/ Yoast SEO plugin. -->","yoast_head_json":{"title":"Neue Startseite - Stella on Tour","robots":{"index":"index","follow":"follow","max-snippet":"max-snippet:-1","max-image-preview":"max-image-preview:large","max-video-preview":"max-video-preview:-1"},"canonical":"https:\/\/stellaontour.bildpunkte.de\/","og_locale":"de_DE","og_type":"article","og_title":"Neue Startseite - Stella on Tour","og_description":"Spendenaufruf Es ist wieder soweit..! Falls ihr es noch nicht mitbekommen habt, erfahrt ihr es jetzt; ich begebe mich auf eine neue [&hellip;]","og_url":"https:\/\/stellaontour.bildpunkte.de\/","og_site_name":"Stella on Tour","article_modified_time":"2023-06-12T10:14:16+00:00","og_image":[{"url":"https:\/\/stellaontour.bildpunkte.de\/wp-content\/uploads\/2023\/06\/P1020865-1024x768.jpg"}],"twitter_card":"summary_large_image","schema":{"@context":"https:\/\/schema.org","@graph":[{"@type":"WebPage","@id":"https:\/\/stellaontour.bildpunkte.de\/","url":"https:\/\/stellaontour.bildpunkte.de\/","name":"Neue Startseite - Stella on Tour","isPartOf":{"@id":"https:\/\/stellaontour.bildpunkte.de\/#website"},"datePublished":"2020-08-09T05:55:33+00:00","dateModified":"2023-06-12T10:14:16+00:00","breadcrumb":{"@id":"https:\/\/stellaontour.bildpunkte.de\/#breadcrumb"},"inLanguage":"de","potentialAction":[{"@type":"ReadAction","target":["https:\/\/stellaontour.bildpunkte.de\/"]}]},{"@type":"BreadcrumbList","@id":"https:\/\/stellaontour.bildpunkte.de\/#breadcrumb","itemListElement":[{"@type":"ListItem","position":1,"name":"Home","item":"https:\/\/stellaontour.bildpunkte.de\/"},{"@type":"ListItem","position":2,"name":"Neue Startseite"}]},{"@type":"WebSite","@id":"https:\/\/stellaontour.bildpunkte.de\/#website","url":"https:\/\/stellaontour.bildpunkte.de\/","name":"Stella on Tour","description":"","potentialAction":[{"@type":"SearchAction","target":{"@type":"EntryPoint","urlTemplate":"https:\/\/stellaontour.bildpunkte.de\/?s={search_term_string}"},"query-input":"required name=search_term_string"}],"inLanguage":"de"}]}},"_links":{"self":[{"href":"https:\/\/stellaontour.bildpunkte.de\/index.php?rest_route=\/wp\/v2\/pages\/59"}],"collection":[{"href":"https:\/\/stellaontour.bildpunkte.de\/index.php?rest_route=\/wp\/v2\/pages"}],"about":[{"href":"https:\/\/stellaontour.bildpunkte.de\/index.php?rest_route=\/wp\/v2\/types\/page"}],"author":[{"embeddable":true,"href":"https:\/\/stellaontour.bildpunkte.de\/index.php?rest_route=\/wp\/v2\/users\/1"}],"replies":[{"embeddable":true,"href":"https:\/\/stellaontour.bildpunkte.de\/index.php?rest_route=%2Fwp%2Fv2%2Fcomments&post=59"}],"version-history":[{"count":14,"href":"https:\/\/stellaontour.bildpunkte.de\/index.php?rest_route=\/wp\/v2\/pages\/59\/revisions"}],"predecessor-version":[{"id":210,"href":"https:\/\/stellaontour.bildpunkte.de\/index.php?rest_route=\/wp\/v2\/pages\/59\/revisions\/210"}],"wp:attachment":[{"href":"https:\/\/stellaontour.bildpunkte.de\/index.php?rest_route=%2Fwp%2Fv2%2Fmedia&parent=59"}],"curies":[{"name":"wp","href":"https:\/\/api.w.org\/{rel}","templated":true}]}}